{"id":161,"date":"2024-09-13T10:13:29","date_gmt":"2024-09-13T13:13:29","guid":{"rendered":"https:\/\/apsicologia.com.br\/?page_id=161"},"modified":"2026-05-02T12:31:34","modified_gmt":"2026-05-02T15:31:34","slug":"sobre-o-psicologo","status":"publish","type":"page","link":"https:\/\/apsicologia.com.br\/?page_id=161","title":{"rendered":"Sobre o Psic\u00f3logo"},"content":{"rendered":"\n<p><\/p>\n\n\n\n<div class=\"wp-block-media-text is-stacked-on-mobile is-vertically-aligned-top\" style=\"grid-template-columns:22% auto\"><figure class=\"wp-block-media-text__media\"><img loading=\"lazy\" decoding=\"async\" width=\"768\" height=\"1024\" src=\"https:\/\/apsicologia.com.br\/wp-content\/uploads\/2024\/09\/FOTO-WANDERLEY-13042024-768x1024.jpeg\" alt=\"\" class=\"wp-image-165 size-full\" srcset=\"https:\/\/apsicologia.com.br\/wp-content\/uploads\/2024\/09\/FOTO-WANDERLEY-13042024-768x1024.jpeg 768w, https:\/\/apsicologia.com.br\/wp-content\/uploads\/2024\/09\/FOTO-WANDERLEY-13042024-225x300.jpeg 225w, https:\/\/apsicologia.com.br\/wp-content\/uploads\/2024\/09\/FOTO-WANDERLEY-13042024-300x400.jpeg 300w, https:\/\/apsicologia.com.br\/wp-content\/uploads\/2024\/09\/FOTO-WANDERLEY-13042024.jpeg 1104w\" sizes=\"auto, (max-width: 768px) 100vw, 768px\" \/><\/figure><div class=\"wp-block-media-text__content\">\n<div class=\"wp-block-group is-vertical is-layout-flex wp-container-core-group-is-layout-8cf370e7 wp-block-group-is-layout-flex\">\n<p>Sou psic\u00f3logo graduado pela PUC-Minas, com especializa\u00e7\u00e3o em Autismo, e em Psicopalogias, tamb\u00e9m realizada na mesma institui\u00e7\u00e3o, e atuo predominantemente com a terapia psicanal\u00edtica. Minha pr\u00e1tica envolve a avalia\u00e7\u00e3o e interven\u00e7\u00e3o em casos de Transtorno do D\u00e9ficit de Aten\u00e7\u00e3o e Hiperatividade (TDAH) e Transtorno do Espectro Autista (TEA).<\/p>\n\n\n\n<p>Desde o in\u00edcio da minha carreira, incluindo minhas experi\u00eancias de trabalho social durante a gradua\u00e7\u00e3o, minha paix\u00e3o pelo bem-estar psicol\u00f3gico e pela busca de estrat\u00e9gias eficazes para melhorar a qualidade de vida tem sido uma constante.<\/p>\n\n\n\n<p>Comprometido em ajudar meus pacientes a entender suas dificuldades e potencialidades, colaboro com eles para desenvolver abordagens que visem uma vida mais satisfat\u00f3ria e equilibrada. Acredito firmemente na capacidade ilimitada do ser humano para se adaptar e prosperar em diferentes contextos, e \u00e9 com essa cren\u00e7a que busco oferecer o melhor suporte poss\u00edvel em cada trajet\u00f3ria individual.<\/p>\n\n\n\n<p><strong>CRP 04\/59233<\/strong><\/p>\n<\/div>\n<\/div><\/div>\n","protected":false},"excerpt":{"rendered":"","protected":false},"author":2,"featured_media":0,"parent":0,"menu_order":0,"comment_status":"closed","ping_status":"closed","template":"","meta":{"footnotes":""},"class_list":["post-161","page","type-page","status-publish","hentry"],"brizy_media":[],"_links":{"self":[{"href":"https:\/\/apsicologia.com.br\/index.php?rest_route=\/wp\/v2\/pages\/161","targetHints":{"allow":["GET"]}}],"collection":[{"href":"https:\/\/apsicologia.com.br\/index.php?rest_route=\/wp\/v2\/pages"}],"about":[{"href":"https:\/\/apsicologia.com.br\/index.php?rest_route=\/wp\/v2\/types\/page"}],"author":[{"embeddable":true,"href":"https:\/\/apsicologia.com.br\/index.php?rest_route=\/wp\/v2\/users\/2"}],"replies":[{"embeddable":true,"href":"https:\/\/apsicologia.com.br\/index.php?rest_route=%2Fwp%2Fv2%2Fcomments&post=161"}],"version-history":[{"count":7,"href":"https:\/\/apsicologia.com.br\/index.php?rest_route=\/wp\/v2\/pages\/161\/revisions"}],"predecessor-version":[{"id":217,"href":"https:\/\/apsicologia.com.br\/index.php?rest_route=\/wp\/v2\/pages\/161\/revisions\/217"}],"wp:attachment":[{"href":"https:\/\/apsicologia.com.br\/index.php?rest_route=%2Fwp%2Fv2%2Fmedia&parent=161"}],"curies":[{"name":"wp","href":"https:\/\/api.w.org\/{rel}","templated":true}]}}